{"id":21,"date":"2021-11-22T10:24:52","date_gmt":"2021-11-22T10:24:52","guid":{"rendered":"https:\/\/blockart-book-author.sites.qsandbox.com\/?page_id=21"},"modified":"2025-09-03T19:39:48","modified_gmt":"2025-09-03T19:39:48","slug":"home","status":"publish","type":"page","link":"https:\/\/cuento.no\/es\/","title":{"rendered":"Inicio"},"content":{"rendered":"<figure class=\"wp-block-image alignfull size-large\"><img loading=\"lazy\" decoding=\"async\" width=\"1024\" height=\"576\" src=\"https:\/\/cuento.no\/wp-content\/uploads\/2024\/04\/alejoConejoCover-1-1024x576.png\" alt=\"Alejo Conejo y Cristian Ruiz\" class=\"wp-image-1260\" srcset=\"https:\/\/cuento.no\/wp-content\/uploads\/2024\/04\/alejoConejoCover-1-1024x576.png 1024w, https:\/\/cuento.no\/wp-content\/uploads\/2024\/04\/alejoConejoCover-1-300x169.png 300w, https:\/\/cuento.no\/wp-content\/uploads\/2024\/04\/alejoConejoCover-1-768x432.png 768w, https:\/\/cuento.no\/wp-content\/uploads\/2024\/04\/alejoConejoCover-1-1536x864.png 1536w, https:\/\/cuento.no\/wp-content\/uploads\/2024\/04\/alejoConejoCover-1-1568x882.png 1568w, https:\/\/cuento.no\/wp-content\/uploads\/2024\/04\/alejoConejoCover-1.png 1920w\" sizes=\"auto, (max-width: 1024px) 100vw, 1024px\" \/><figcaption class=\"wp-element-caption\">Photo by: @ileanafotografi<\/figcaption><\/figure>\n\n\n\n<figure class=\"wp-block-embed alignwide is-type-video is-provider-youtube wp-block-embed-youtube wp-embed-aspect-16-9 wp-has-aspect-ratio\"><div class=\"wp-block-embed__wrapper\">\n<iframe loading=\"lazy\" title=\"Alejo Conejo Cuenta Cuentos - Reel\" width=\"750\" height=\"422\" src=\"https:\/\/www.youtube.com\/embed\/ipAV-95UJuc?feature=oembed\" frameborder=\"0\" allow=\"accelerometer; autoplay; clipboard-write; encrypted-media; gyroscope; picture-in-picture; web-share\" referrerpolicy=\"strict-origin-when-cross-origin\" allowfullscreen><\/iframe>\n<\/div><\/figure>\n\n\n<div class=\"wp-block-image\">\n<figure class=\"aligncenter size-full\"><img loading=\"lazy\" decoding=\"async\" width=\"5000\" height=\"5000\" src=\"https:\/\/cuento.no\/wp-content\/uploads\/2024\/03\/2024-logoSymbol-color-big-vertical.png\" alt=\"AlejoConejoCuentos\" class=\"wp-image-1175\" srcset=\"https:\/\/cuento.no\/wp-content\/uploads\/2024\/03\/2024-logoSymbol-color-big-vertical.png 5000w, https:\/\/cuento.no\/wp-content\/uploads\/2024\/03\/2024-logoSymbol-color-big-vertical-300x300.png 300w, https:\/\/cuento.no\/wp-content\/uploads\/2024\/03\/2024-logoSymbol-color-big-vertical-1024x1024.png 1024w, https:\/\/cuento.no\/wp-content\/uploads\/2024\/03\/2024-logoSymbol-color-big-vertical-150x150.png 150w, https:\/\/cuento.no\/wp-content\/uploads\/2024\/03\/2024-logoSymbol-color-big-vertical-768x768.png 768w, https:\/\/cuento.no\/wp-content\/uploads\/2024\/03\/2024-logoSymbol-color-big-vertical-1536x1536.png 1536w, https:\/\/cuento.no\/wp-content\/uploads\/2024\/03\/2024-logoSymbol-color-big-vertical-2048x2048.png 2048w, https:\/\/cuento.no\/wp-content\/uploads\/2024\/03\/2024-logoSymbol-color-big-vertical-1568x1568.png 1568w\" sizes=\"auto, (max-width: 5000px) 100vw, 5000px\" \/><\/figure>\n<\/div>\n\n\n<p class=\"has-text-align-center has-extra-large-font-size\"><em>Somos el \u00fanico grupo esc\u00e9nico con un espacio fijo cada mes para atender a la creciente audiencia de habla hispana en Oslo. <\/em><\/p>\n\n\n\n<div style=\"height:100px\" aria-hidden=\"true\" class=\"wp-block-spacer\"><\/div>\n\n\n\n<h1 class=\"wp-block-heading alignwide has-text-align-center has-text-color has-link-color wp-elements-753cb62990df2a413e60a0b79f2fdaf3\" style=\"color:#7b268a\"><strong>Narraci\u00f3n Oral<\/strong> <\/h1>\n\n\n\n<h2 class=\"wp-block-heading alignwide has-text-align-center has-text-color has-link-color wp-elements-a45eef7c228022bce886d38e3151a77b\" style=\"color:#ea2abb\"><em>en Espa\u00f1ol<\/em><\/h2>\n\n\n\n<div style=\"height:100px\" aria-hidden=\"true\" class=\"wp-block-spacer\"><\/div>\n\n\n\n<h3 class=\"wp-block-heading\"><strong>Que es Alejo Conejo Cuenta Cuentos<\/strong>?<\/h3>\n\n\n\n<p>Es un entretenido espect\u00e1culo en vivo de cuentacuentos para toda la familia. <\/p>\n\n\n\n<p>La funci\u00f3n se realiza en espa\u00f1ol sencillo, limpio y b\u00e1sico, dirigida a familias hispanohablantes y a quienes quieran reforzar su camino de aprendizaje del espa\u00f1ol.<\/p>\n\n\n\n<figure class=\"wp-block-image size-large\"><img loading=\"lazy\" decoding=\"async\" width=\"1024\" height=\"576\" src=\"https:\/\/cuento.no\/wp-content\/uploads\/2024\/04\/alejoConejoCover-20240414-14-1024x576.png\" alt=\"\" class=\"wp-image-1371\" srcset=\"https:\/\/cuento.no\/wp-content\/uploads\/2024\/04\/alejoConejoCover-20240414-14-1024x576.png 1024w, https:\/\/cuento.no\/wp-content\/uploads\/2024\/04\/alejoConejoCover-20240414-14-300x169.png 300w, https:\/\/cuento.no\/wp-content\/uploads\/2024\/04\/alejoConejoCover-20240414-14-768x432.png 768w, https:\/\/cuento.no\/wp-content\/uploads\/2024\/04\/alejoConejoCover-20240414-14-1536x864.png 1536w, https:\/\/cuento.no\/wp-content\/uploads\/2024\/04\/alejoConejoCover-20240414-14-18x10.png 18w, https:\/\/cuento.no\/wp-content\/uploads\/2024\/04\/alejoConejoCover-20240414-14-1568x882.png 1568w, https:\/\/cuento.no\/wp-content\/uploads\/2024\/04\/alejoConejoCover-20240414-14.png 1920w\" sizes=\"auto, (max-width: 1024px) 100vw, 1024px\" \/><\/figure>\n\n\n\n<div style=\"height:50px\" aria-hidden=\"true\" class=\"wp-block-spacer\"><\/div>\n\n\n\n<p>Cada cuento que se presenta es una adaptaci\u00f3n de antiguos cuentos populares, cuentos de hadas, leyendas o f\u00e1bulas, enriquecidas con canciones originales y efectos musicales interpretados por el m\u00fasico y compositor Cristian Ruiz.<\/p>\n\n\n\n<div style=\"height:50px\" aria-hidden=\"true\" class=\"wp-block-spacer\"><\/div>\n\n\n\n<figure class=\"wp-block-image size-large\"><img loading=\"lazy\" decoding=\"async\" width=\"1024\" height=\"576\" src=\"https:\/\/cuento.no\/wp-content\/uploads\/2024\/04\/alejoConejoCover-6-1024x576.png\" alt=\"\" class=\"wp-image-1276\" srcset=\"https:\/\/cuento.no\/wp-content\/uploads\/2024\/04\/alejoConejoCover-6-1024x576.png 1024w, https:\/\/cuento.no\/wp-content\/uploads\/2024\/04\/alejoConejoCover-6-300x169.png 300w, https:\/\/cuento.no\/wp-content\/uploads\/2024\/04\/alejoConejoCover-6-768x432.png 768w, https:\/\/cuento.no\/wp-content\/uploads\/2024\/04\/alejoConejoCover-6-1536x864.png 1536w, https:\/\/cuento.no\/wp-content\/uploads\/2024\/04\/alejoConejoCover-6-1568x882.png 1568w, https:\/\/cuento.no\/wp-content\/uploads\/2024\/04\/alejoConejoCover-6.png 1920w\" sizes=\"auto, (max-width: 1024px) 100vw, 1024px\" \/><figcaption class=\"wp-element-caption\">Photo by: <a href=\"https:\/\/www.instagram.com\/ileanafotografi\/\" data-type=\"link\" data-id=\"https:\/\/www.instagram.com\/ileanafotografi\/\" target=\"_blank\" rel=\"noreferrer noopener\">@ileanafotografi<\/a><\/figcaption><\/figure>\n\n\n\n<div style=\"height:50px\" aria-hidden=\"true\" class=\"wp-block-spacer\"><\/div>\n\n\n\n<p>Tambi\u00e9n actuamos en escuelas, guarder\u00edas, celebraciones de embajadas, organizaciones sin fines de lucro, bibliotecas y eventos infantiles.<\/p>\n\n\n\n<p>Creamos, adaptamos y combinamos historias para cada presentaci\u00f3n, construyendo una experiencia completamente nueva para nuestra audiencia. Creamos nuestras propias canciones, ilustraciones, personajes de madera o papel y elementos esc\u00e9nicos para todos y cada uno de los cuentos.<\/p>\n\n\n\n<div style=\"height:50px\" aria-hidden=\"true\" class=\"wp-block-spacer\"><\/div>\n\n\n\n<figure class=\"wp-block-image size-large\"><img loading=\"lazy\" decoding=\"async\" width=\"1024\" height=\"576\" src=\"https:\/\/cuento.no\/wp-content\/uploads\/2024\/04\/alejoConejoCover-5-1024x576.png\" alt=\"\" class=\"wp-image-1274\" srcset=\"https:\/\/cuento.no\/wp-content\/uploads\/2024\/04\/alejoConejoCover-5-1024x576.png 1024w, https:\/\/cuento.no\/wp-content\/uploads\/2024\/04\/alejoConejoCover-5-300x169.png 300w, https:\/\/cuento.no\/wp-content\/uploads\/2024\/04\/alejoConejoCover-5-768x432.png 768w, https:\/\/cuento.no\/wp-content\/uploads\/2024\/04\/alejoConejoCover-5-1536x864.png 1536w, https:\/\/cuento.no\/wp-content\/uploads\/2024\/04\/alejoConejoCover-5-1568x882.png 1568w, https:\/\/cuento.no\/wp-content\/uploads\/2024\/04\/alejoConejoCover-5.png 1920w\" sizes=\"auto, (max-width: 1024px) 100vw, 1024px\" \/><figcaption class=\"wp-element-caption\">Photo by: <a href=\"https:\/\/www.instagram.com\/ileanafotografi\/\" data-type=\"link\" data-id=\"https:\/\/www.instagram.com\/ileanafotografi\/\" target=\"_blank\" rel=\"noreferrer noopener\">@ileanafotografi<\/a><\/figcaption><\/figure>\n\n\n\n<div style=\"height:50px\" aria-hidden=\"true\" class=\"wp-block-spacer\"><\/div>\n\n\n\n<p>Nuestras adaptaciones contienen hermosos mensajes para toda la familia sobre temas como la paz, el amor, la amistad, la empat\u00eda, el coraje, las emociones y mucho m\u00e1s.<\/p>\n\n\n\n<div style=\"height:50px\" aria-hidden=\"true\" class=\"wp-block-spacer\"><\/div>\n\n\n\n<figure class=\"wp-block-image size-large\"><img loading=\"lazy\" decoding=\"async\" width=\"1024\" height=\"576\" src=\"https:\/\/cuento.no\/wp-content\/uploads\/2024\/04\/alejoConejoCover-8-1024x576.png\" alt=\"\" class=\"wp-image-1283\" srcset=\"https:\/\/cuento.no\/wp-content\/uploads\/2024\/04\/alejoConejoCover-8-1024x576.png 1024w, https:\/\/cuento.no\/wp-content\/uploads\/2024\/04\/alejoConejoCover-8-300x169.png 300w, https:\/\/cuento.no\/wp-content\/uploads\/2024\/04\/alejoConejoCover-8-768x432.png 768w, https:\/\/cuento.no\/wp-content\/uploads\/2024\/04\/alejoConejoCover-8-1536x864.png 1536w, https:\/\/cuento.no\/wp-content\/uploads\/2024\/04\/alejoConejoCover-8-1568x882.png 1568w, https:\/\/cuento.no\/wp-content\/uploads\/2024\/04\/alejoConejoCover-8.png 1920w\" sizes=\"auto, (max-width: 1024px) 100vw, 1024px\" \/><\/figure>\n\n\n\n<div style=\"height:50px\" aria-hidden=\"true\" class=\"wp-block-spacer\"><\/div>\n\n\n\n<p>Los seres humanos llevamos m\u00e1s de 30.000 a\u00f1os contando historias. Nuestros cerebros est\u00e1n adaptados para aprender y comprender el universo a partir de historias.<\/p>\n\n\n\n<p>Creemos en la magia de la palabra hablada y estamos convencidos de que cada vez que se cuenta una historia, una hermosa idea cobra vida en la mente de quienes la escuchan.<\/p>\n\n\n\n<div style=\"height:50px\" aria-hidden=\"true\" class=\"wp-block-spacer\"><\/div>\n\n\n\n<figure class=\"wp-block-image size-large\"><img loading=\"lazy\" decoding=\"async\" width=\"1024\" height=\"576\" src=\"https:\/\/cuento.no\/wp-content\/uploads\/2024\/04\/alejoConejoCover-7-1024x576.png\" alt=\"\" class=\"wp-image-1278\" srcset=\"https:\/\/cuento.no\/wp-content\/uploads\/2024\/04\/alejoConejoCover-7-1024x576.png 1024w, https:\/\/cuento.no\/wp-content\/uploads\/2024\/04\/alejoConejoCover-7-300x169.png 300w, https:\/\/cuento.no\/wp-content\/uploads\/2024\/04\/alejoConejoCover-7-768x432.png 768w, https:\/\/cuento.no\/wp-content\/uploads\/2024\/04\/alejoConejoCover-7-1536x864.png 1536w, https:\/\/cuento.no\/wp-content\/uploads\/2024\/04\/alejoConejoCover-7-1568x882.png 1568w, https:\/\/cuento.no\/wp-content\/uploads\/2024\/04\/alejoConejoCover-7.png 1920w\" sizes=\"auto, (max-width: 1024px) 100vw, 1024px\" \/><figcaption class=\"wp-element-caption\">Photo by: <a href=\"https:\/\/www.instagram.com\/ileanafotografi\/\" data-type=\"link\" data-id=\"https:\/\/www.instagram.com\/ileanafotografi\/\" target=\"_blank\" rel=\"noreferrer noopener\">@ileanafotografi<\/a><\/figcaption><\/figure>\n\n\n\n<div style=\"height:100px\" aria-hidden=\"true\" class=\"wp-block-spacer\"><\/div>\n\n\n\n<h2 class=\"wp-block-heading has-text-align-center\">Bienvenidos al mundo fant\u00e1stico de <\/h2>\n\n\n\n<h2 class=\"wp-block-heading has-text-align-center\"><strong>Narraci\u00f3n Oral<\/strong><\/h2>\n\n\n\n<div style=\"height:100px\" aria-hidden=\"true\" class=\"wp-block-spacer\"><\/div>\n\n\n\n<h2 class=\"wp-block-heading alignwide has-text-align-center has-text-color has-link-color wp-elements-c622c1aeda9bd58f77c478dff7927adf\" style=\"color:#ea2abb\">Bienvenidos a <\/h2>\n\n\n\n<h1 class=\"wp-block-heading alignwide has-text-align-center has-text-color has-link-color wp-elements-d695509b1f7cca2085c0d4d583cd6a16\" style=\"color:#7b268a\"><strong><em>Alejo Conejo <\/em><\/strong><\/h1>\n\n\n\n<h2 class=\"wp-block-heading alignwide has-text-align-center has-text-color has-link-color wp-elements-4d017cf93595b07492704b226ecb1127\" style=\"color:#ea2abb\"><strong>Cuenta Cuentos<\/strong><\/h2>","protected":false},"excerpt":{"rendered":"<p>We are the only stage group with a fixed space each month to serve the growing Spanish-speaking audience in Oslo. Storytelling en Espa\u00f1ol What is Alejo Conejo Cuenta Cuentos? Is a live entertaining storytelling show for the whole family. The performance is carried out in simple, clean and basic Spanish, aimed at Spanish-speaking families and&hellip; <a class=\"more-link\" href=\"https:\/\/cuento.no\/es\/\">Seguir leyendo <span class=\"screen-reader-text\">Inicio<\/span><\/a><\/p>","protected":false},"author":1,"featured_media":0,"parent":0,"menu_order":0,"comment_status":"closed","ping_status":"closed","template":"page-templates\/pagebuilder.php","meta":{"footnotes":""},"class_list":["post-21","page","type-page","status-publish","hentry","entry"],"_links":{"self":[{"href":"https:\/\/cuento.no\/es\/wp-json\/wp\/v2\/pages\/21","targetHints":{"allow":["GET"]}}],"collection":[{"href":"https:\/\/cuento.no\/es\/wp-json\/wp\/v2\/pages"}],"about":[{"href":"https:\/\/cuento.no\/es\/wp-json\/wp\/v2\/types\/page"}],"author":[{"embeddable":true,"href":"https:\/\/cuento.no\/es\/wp-json\/wp\/v2\/users\/1"}],"replies":[{"embeddable":true,"href":"https:\/\/cuento.no\/es\/wp-json\/wp\/v2\/comments?post=21"}],"version-history":[{"count":70,"href":"https:\/\/cuento.no\/es\/wp-json\/wp\/v2\/pages\/21\/revisions"}],"predecessor-version":[{"id":1550,"href":"https:\/\/cuento.no\/es\/wp-json\/wp\/v2\/pages\/21\/revisions\/1550"}],"wp:attachment":[{"href":"https:\/\/cuento.no\/es\/wp-json\/wp\/v2\/media?parent=21"}],"curies":[{"name":"wp","href":"https:\/\/api.w.org\/{rel}","templated":true}]}}